{"id":946,"date":"2022-03-15T19:04:43","date_gmt":"2022-03-15T18:04:43","guid":{"rendered":"https:\/\/www.sigo.es\/?page_id=946"},"modified":"2022-03-17T12:36:30","modified_gmt":"2022-03-17T11:36:30","slug":"_plan-de-ayudas-kit-digital","status":"publish","type":"page","link":"https:\/\/sigo.es\/en\/_plan-de-ayudas-kit-digital","title":{"rendered":"_Plan de ayudas Kit Digital"},"content":{"rendered":"<div id=\"dslc-theme-content\"><div id=\"dslc-theme-content-inner\">\n<div class=\"elementor-element elementor-element-c46e849 elementor-widget elementor-widget-heading\" data-id=\"c46e849\" data-element_type=\"widget\" data-widget_type=\"heading.default\">\n<div class=\"elementor-widget-container\">\n<p class=\"elementor-heading-title elementor-size-default\"><span style=\"font-size: inherit;\">Hasta 12.000\u20ac para digitalizar tu empresa<\/span><\/p>\n<\/div>\n<\/div>\n\n\n\n<h1><img decoding=\"async\" src=\"https:\/\/www.arimetrics.com\/wp-content\/uploads\/2022\/02\/programa-kit-digital.png\" alt=\"Programa Kit Digital - Agente Digitalizador 1\" \/><\/h1>\n<div class=\"elementor-element elementor-element-0074508 elementor-widget elementor-widget-heading\" data-id=\"0074508\" data-element_type=\"widget\" data-widget_type=\"heading.default\">\n<div class=\"elementor-widget-container\">\n<h1 class=\"elementor-heading-title elementor-size-default\">Programa\u00a0Kit Digital<\/h1>\n<\/div>\n<\/div>\n<div class=\"elementor-element elementor-element-79a5404 elementor-widget elementor-widget-text-editor\" data-id=\"79a5404\" data-element_type=\"widget\" data-widget_type=\"text-editor.default\">\n<div class=\"elementor-widget-container\">\n<div class=\"elementor-text-editor elementor-clearfix\">\n<p>El\u00a0<b>kit digital<\/b>\u00a0es una iniciativa del\u00a0<b>Gobierno de Espa\u00f1a<\/b>\u00a0que tiene como objetivo subvencionar la implantaci\u00f3n de soluciones digitales disponibles en el mercado para conseguir un avance significativo en el nivel de madurez digital. Proporciona una serie de servicios digitales para ayudarles a impulsar la transici\u00f3n digital.<\/p>\n<p>Es un programa\u00a0del\u00a0<b>Ministerio de Asuntos Econ\u00f3micos y Transformaci\u00f3n Digital<\/b>\u00a0dirigido a pymes y aut\u00f3nomos, que te acompa\u00f1a en tu proceso de transformaci\u00f3n digital.\u00a0<\/p>\n<p>Estas ayudas se enmarcan dentro de los\u00a0<b>Fondos Europeos para la recuperaci\u00f3n econ\u00f3mica\u00a0Next Generation EU<\/b>. No es necesario adelantar dinero al ser subvenciones a fondo perdido.<\/p>\n<section class=\"elementor-section elementor-inner-section elementor-element elementor-element-fba5c53 elementor-section-boxed elementor-section-height-default elementor-section-height-default\" data-id=\"fba5c53\" data-element_type=\"section\">\n<div class=\"elementor-container elementor-column-gap-default\">\n<div class=\"elementor-row\">\n<div class=\"elementor-column elementor-col-100 elementor-inner-column elementor-element elementor-element-f2c369f\" data-id=\"f2c369f\" data-element_type=\"column\">\n<div class=\"elementor-column-wrap elementor-element-populated\">\n<div class=\"elementor-widget-wrap\">\n<div class=\"elementor-element elementor-element-28000bd elementor-widget elementor-widget-heading\" data-id=\"28000bd\" data-element_type=\"widget\" data-widget_type=\"heading.default\">\n<div class=\"elementor-widget-container\">\n<h2 class=\"elementor-heading-title elementor-size-default\">Estamos en proceso de adhesi\u00f3n como Agente Digitalizador para el Kit Digital<\/h2>\n<\/div>\n<\/div>\n<\/div>\n<\/div>\n<\/div>\n<\/div>\n<\/div>\n<\/section>\n<div class=\"elementor-element elementor-element-a506939 elementor-widget elementor-widget-text-editor\" data-id=\"a506939\" data-element_type=\"widget\" data-widget_type=\"text-editor.default\">\n<div class=\"elementor-widget-container\">\n<div class=\"elementor-text-editor elementor-clearfix\">\n<p>SIGO est\u00e1 en proceso de homologaci\u00f3n como Agente Digitalizador. Ofrecemos los siguientes servicios adaptados al bono digital:<\/p>\n<ul>\n<li>Sitio Web y Presencia en Internet.<\/li>\n<li>Comercio Electr\u00f3nico.<\/li>\n<li>Gesti\u00f3n de Clientes.<\/li>\n<li>Gesti\u00f3n de Procesos.<\/li>\n<li>Ciberseguridad.<\/li>\n<\/ul>\n<\/div>\n<div class=\"elementor-element elementor-element-520efe6 elementor-widget elementor-widget-heading\" data-id=\"520efe6\" data-element_type=\"widget\" data-widget_type=\"heading.default\">\n<div class=\"elementor-widget-container\">\n<h2 class=\"elementor-heading-title elementor-size-default\">C\u00f3mo solicitar el Kit Digital<\/h2>\n<\/div>\n<\/div>\n<div class=\"elementor-element elementor-element-8bd61c5 elementor-widget elementor-widget-text-editor\" data-id=\"8bd61c5\" data-element_type=\"widget\" data-widget_type=\"text-editor.default\">\n<div class=\"elementor-widget-container\">\n<div class=\"elementor-text-editor elementor-clearfix\">\n<p>El kit digital supone un bono digital con una cuant\u00eda econ\u00f3mica para que la administres escogiendo una o varias soluciones digitales de las ofrecidas por los agentes digitalizadores que desarrollen los servicios del cat\u00e1logo.\u00a0Los pasos a seguir para solicitar el bono digital son los siguientes:<\/p>\n<p>\u00a0<\/p>\n<\/div>\n<\/div>\n<\/div>\n<section class=\"elementor-section elementor-inner-section elementor-element elementor-element-0e30a7a elementor-section-boxed elementor-section-height-default elementor-section-height-default\" data-id=\"0e30a7a\" data-element_type=\"section\">\n<div class=\"elementor-container elementor-column-gap-default\">\n<div class=\"elementor-row\">\n<div class=\"elementor-column elementor-col-50 elementor-inner-column elementor-element elementor-element-9f1c663\" data-id=\"9f1c663\" data-element_type=\"column\">\n<div class=\"elementor-column-wrap elementor-element-populated\">\n<div class=\"elementor-widget-wrap\">\n<div class=\"elementor-element elementor-element-97cb0e2 elementor-widget elementor-widget-image\" data-id=\"97cb0e2\" data-element_type=\"widget\" data-widget_type=\"image.default\">\n<div class=\"elementor-widget-container\">\n<div class=\"elementor-image\"><img loading=\"lazy\" decoding=\"async\" class=\"attachment-large size-large lazyloaded\" src=\"https:\/\/www.arimetrics.com\/wp-content\/uploads\/2022\/01\/kit_digital_plan.png\" sizes=\"auto, (max-width: 650px) 100vw, 650px\" srcset=\"https:\/\/www.arimetrics.com\/wp-content\/uploads\/2022\/01\/kit_digital_plan.png 650w, https:\/\/www.arimetrics.com\/wp-content\/uploads\/2022\/01\/kit_digital_plan-300x111.png 300w\" alt=\"Programa Kit Digital - Agente Digitalizador 5\" width=\"650\" height=\"240\" data-src=\"https:\/\/www.arimetrics.com\/wp-content\/uploads\/2022\/01\/kit_digital_plan.png\" data-srcset=\"https:\/\/www.arimetrics.com\/wp-content\/uploads\/2022\/01\/kit_digital_plan.png 650w, https:\/\/www.arimetrics.com\/wp-content\/uploads\/2022\/01\/kit_digital_plan-300x111.png 300w\" \/><\/div>\n<\/div>\n<\/div>\n<\/div>\n<\/div>\n<\/div>\n<div class=\"elementor-column elementor-col-50 elementor-inner-column elementor-element elementor-element-2e3477e\" data-id=\"2e3477e\" data-element_type=\"column\">\n<div class=\"elementor-column-wrap elementor-element-populated\">\n<div class=\"elementor-widget-wrap\">\n<div class=\"elementor-element elementor-element-66c7132 elementor-widget elementor-widget-text-editor\" data-id=\"66c7132\" data-element_type=\"widget\" data-widget_type=\"text-editor.default\">\n<div class=\"elementor-widget-container\">\n<div class=\"elementor-text-editor elementor-clearfix\">\n<p>\u00a0<\/p>\n<ol>\n<li><b>Reg\u00edstrate<\/b>\u00a0en\u00a0<a href=\"https:\/\/www.acelerapyme.es\/kit-digital\" target=\"_blank\" rel=\"noopener\">www.acelerapyme.es<\/a>\u00a0y completa el\u00a0<a href=\"https:\/\/www.acelerapyme.es\/quieres-conocer-el-grado-de-digitalizacion-de-tu-pyme\" target=\"_blank\" rel=\"noopener\">test de autodiagn\u00f3stico<\/a>.<\/li>\n<li><b>Consulta el cat\u00e1logo de soluciones digitales<\/b>, donde podr\u00e1s escoger una o varias de las que ofrecen los agentes digitalizadores.\u00a0<\/li>\n<li><b>Solicita la ayuda Kit Digital<\/b>\u00a0en la sede electr\u00f3nica de Red.es (<a href=\"https:\/\/sede.red.gob.es\/\" target=\"_blank\" rel=\"noopener\">sede.red.gob.es<\/a>).<\/li>\n<li><b>Accede a los tr\u00e1mites<\/b>\u00a0para solicitar tu bono Kit Digital a trav\u00e9s de un agente digitalizador que te acompa\u00f1e.<\/li>\n<li><b>Escoge SIGO <\/b>como Agente Digitalizador<\/li>\n<\/ol>\n<div class=\"elementor-element elementor-element-77126ab elementor-widget elementor-widget-heading\" data-id=\"77126ab\" data-element_type=\"widget\" data-widget_type=\"heading.default\">\n<div class=\"elementor-widget-container\">\u00a0<\/div>\n<\/div>\n<div class=\"elementor-element elementor-element-87eae64 elementor-widget elementor-widget-toggle\" data-id=\"87eae64\" data-element_type=\"widget\" data-widget_type=\"toggle.default\">\n<div class=\"elementor-widget-container\">\n<div class=\"elementor-toggle\" role=\"tablist\">\n<div class=\"elementor-toggle-item\">\u00a0<\/div>\n<div class=\"elementor-toggle-item\">\n<div id=\"elementor-tab-title-1427\" class=\"elementor-tab-title\" role=\"tab\" data-tab=\"7\" aria-controls=\"elementor-tab-content-1427\" aria-expanded=\"false\">\n<div class=\"elementor-element elementor-element-77126ab elementor-widget elementor-widget-heading\" data-id=\"77126ab\" data-element_type=\"widget\" data-widget_type=\"heading.default\">\n<div class=\"elementor-widget-container\">\n<h2 class=\"elementor-heading-title elementor-size-default\">Preguntas Frecuentes sobre el Bono Digital<\/h2>\n<\/div>\n<\/div>\n<div class=\"elementor-element elementor-element-87eae64 elementor-widget elementor-widget-toggle\" data-id=\"87eae64\" data-element_type=\"widget\" data-widget_type=\"toggle.default\">\n<div class=\"elementor-widget-container\">\n<div class=\"elementor-toggle\" role=\"tablist\">\n<div class=\"elementor-toggle-item\">\n<h4 id=\"elementor-tab-title-1421\" class=\"elementor-tab-title elementor-active\" tabindex=\"0\" role=\"tab\" data-tab=\"1\" aria-controls=\"elementor-tab-content-1421\" aria-expanded=\"true\" aria-selected=\"true\"><i class=\"elementor-toggle-icon-opened fas fa-angle-down\"><\/i>\u00bfQui\u00e9n puede solicitar el Kit Digital?<\/h4>\n<div id=\"elementor-tab-content-1421\" class=\"elementor-tab-content elementor-clearfix elementor-active\" role=\"tabpanel\" data-tab=\"1\" aria-labelledby=\"elementor-tab-title-1421\">\n<p>Podr\u00e1n solicitarlo PYMES y Aut\u00f3nomos de cualquier sector empresarial entre 1 y 50 trabajadores.<\/p>\n<\/div>\n<\/div>\n<div class=\"elementor-toggle-item\">\n<h4 id=\"elementor-tab-title-1422\" class=\"elementor-tab-title elementor-active\" tabindex=\"0\" role=\"tab\" data-tab=\"2\" aria-controls=\"elementor-tab-content-1422\" aria-expanded=\"true\" aria-selected=\"true\"><i class=\"elementor-toggle-icon-opened fas fa-angle-down\"><\/i>\u00bfCu\u00e1l es el importe de las ayudas?<\/h4>\n<div id=\"elementor-tab-content-1422\" class=\"elementor-tab-content elementor-clearfix elementor-active\" role=\"tabpanel\" data-tab=\"2\" aria-labelledby=\"elementor-tab-title-1422\">\n<div class=\"\" data-block=\"true\" data-editor=\"36qp4\" data-offset-key=\"6g5q2-0-0\">\n<div class=\"public-DraftStyleDefault-block public-DraftStyleDefault-ltr\" data-offset-key=\"6g5q2-0-0\">\n<ul>\n<li>Entre 10 y 50 empleados: 12.000\u20ac<\/li>\n<li>Entre 3 y 10 empleados: 6.000\u20ac<\/li>\n<li>\u00a0Entre 0 y 3 empleados: 2.000\u20ac<\/li>\n<\/ul>\n<\/div>\n<\/div>\n<\/div>\n<\/div>\n<div class=\"elementor-toggle-item\">\n<h4 id=\"elementor-tab-title-1423\" class=\"elementor-tab-title elementor-active\" tabindex=\"0\" role=\"tab\" data-tab=\"3\" aria-controls=\"elementor-tab-content-1423\" aria-expanded=\"true\" aria-selected=\"true\"><i class=\"elementor-toggle-icon-opened fas fa-angle-down\"><\/i>\u00bfCu\u00e1les son los requisitos?<\/h4>\n<div id=\"elementor-tab-content-1423\" class=\"elementor-tab-content elementor-clearfix elementor-active\" role=\"tabpanel\" data-tab=\"3\" aria-labelledby=\"elementor-tab-title-1423\">\n<div class=\"\" data-block=\"true\" data-editor=\"36qp4\" data-offset-key=\"6g5q2-0-0\">\n<div class=\"public-DraftStyleDefault-block public-DraftStyleDefault-ltr\" data-offset-key=\"6g5q2-0-0\">\n<p>Las empresas que quieran optar al Kit Digital deber\u00e1n cumplir los siguientes requisitos:<\/p>\n<ol>\n<li>Ser una empresa, microempresa o aut\u00f3nomo.<\/li>\n<li>Estar inscrito en el Censo de empresarios, profesionales y retenedores<\/li>\n<li>No tener la consideraci\u00f3n de empresa en crisis<\/li>\n<li>Estar al corriente de las obligaciones tributarias y frente a la Seguridad Social<\/li>\n<li>No estar sujeto a una orden de recuperaci\u00f3n pendiente tras una decisi\u00f3n previa de la Comisi\u00f3n Europea que haya declarado una ayuda ilegal e incompatible con el mercado com\u00fan<\/li>\n<li>No estar incurso en ninguna otra de las prohibiciones previstas en la Ley General de Subvenciones<\/li>\n<li>No superar el l\u00edmite de ayudas de minimis (ayudas de peque\u00f1a cuant\u00eda)<\/li>\n<li>Haber realizado la evaluaci\u00f3n del Nivel de Madurez Digital, de acuerdo con el test de diagn\u00f3stico disponible en la plataforma Acelera pyme<\/li>\n<\/ol>\n<\/div>\n<\/div>\n<\/div>\n<\/div>\n<div class=\"elementor-toggle-item\">\n<h4 id=\"elementor-tab-title-1424\" class=\"elementor-tab-title elementor-active\" tabindex=\"0\" role=\"tab\" data-tab=\"4\" aria-controls=\"elementor-tab-content-1424\" aria-expanded=\"true\" aria-selected=\"true\"><i class=\"elementor-toggle-icon-opened fas fa-angle-down\"><\/i>\u00bfTiene alg\u00fan coste para la empresa solicitante?<\/h4>\n<div id=\"elementor-tab-content-1424\" class=\"elementor-tab-content elementor-clearfix elementor-active\" role=\"tabpanel\" data-tab=\"4\" aria-labelledby=\"elementor-tab-title-1424\">\n<p>El sujeto beneficiado llevar\u00e1 a cabo el pago de la ayuda a trav\u00e9s de la cesi\u00f3n al Agente Digitalizador Adherido de la parte del \u00abbono digital\u00bb vinculado al Acuerdo de Prestacio\u0301n de Soluciones de Digitalizacio\u0301n suscrito, y el abono de la parte pertinente de los costes no subvencionados.<\/p>\n<\/div>\n<\/div>\n<div class=\"elementor-toggle-item\">\n<h4 id=\"elementor-tab-title-1425\" class=\"elementor-tab-title elementor-active\" tabindex=\"0\" role=\"tab\" data-tab=\"5\" aria-controls=\"elementor-tab-content-1425\" aria-expanded=\"true\" aria-selected=\"true\"><i class=\"elementor-toggle-icon-opened fas fa-angle-down\"><\/i>\u00bfQu\u00e9 tipo de subvenci\u00f3n recibir\u00e9?<\/h4>\n<div id=\"elementor-tab-content-1425\" class=\"elementor-tab-content elementor-clearfix elementor-active\" role=\"tabpanel\" data-tab=\"5\" aria-labelledby=\"elementor-tab-title-1425\">\n<p>El tipo de subvenci\u00f3n es en concurrencia no competitiva. Se asignar\u00e1 por orden de llegada hasta agotar los fondos a quienes cumplan los requisitos.\u00a0 Se entrega en forma de \u201cbono\u201d que ser\u00e1 canjeable por paquetes o soluciones digitales.\u00a0<\/p>\n<\/div>\n<\/div>\n<div class=\"elementor-toggle-item\">\n<h4 id=\"elementor-tab-title-1426\" class=\"elementor-tab-title elementor-active\" tabindex=\"0\" role=\"tab\" data-tab=\"6\" aria-controls=\"elementor-tab-content-1426\" aria-expanded=\"true\" aria-selected=\"true\"><i class=\"elementor-toggle-icon-opened fas fa-angle-down\"><\/i>\u00bfC\u00f3mo se solicita el Kit Digital?<\/h4>\n<div id=\"elementor-tab-content-1426\" class=\"elementor-tab-content elementor-clearfix elementor-active\" role=\"tabpanel\" data-tab=\"6\" aria-labelledby=\"elementor-tab-title-1426\">\n<p>La empresa interesada deber\u00e1 visitar <a href=\"http:\/\/www.acelerapyme.es\">www.acelerapyme.es<\/a>\u00a0y realizar un\u00a0test de Diagn\u00f3stico Digital. Tras ello, y si cumple los requisitos, podr\u00e1\u00a0adquirir una o varias de las soluciones digitales del cat\u00e1logo. Luego deber\u00e1\u00a0solicitar la ayuda en la sede electr\u00f3nica de red.es. Una vez concedida la subvenci\u00f3n, acceder\u00e1 nuevamente al cat\u00e1logo de soluciones, contactar\u00e1 con el Agente Digitalizador y\u00a0firmar\u00e1 el contrato\u00a0con \u00e9l.<\/p>\n<\/div>\n<\/div>\n<div class=\"elementor-toggle-item\">\n<h4 id=\"elementor-tab-title-1427\" class=\"elementor-tab-title elementor-active\" tabindex=\"0\" role=\"tab\" data-tab=\"7\" aria-controls=\"elementor-tab-content-1427\" aria-expanded=\"true\" aria-selected=\"true\"><i class=\"elementor-toggle-icon-opened fas fa-angle-down\"><\/i>\u00bfD\u00f3nde puedo encontrar m\u00e1s informaci\u00f3n?<\/h4>\n<div id=\"elementor-tab-content-1427\" class=\"elementor-tab-content elementor-clearfix elementor-active\" role=\"tabpanel\" data-tab=\"7\" aria-labelledby=\"elementor-tab-title-1427\">\n<p>Toda la informaci\u00f3n oficial est\u00e1 disponible en\u00a0<a href=\"https:\/\/www.acelerapyme.gob.es\/\" target=\"_blank\" rel=\"noopener\">acelerapyme.gob.es<\/a><\/p>\n<\/div>\n<\/div>\n<\/div>\n<\/div>\n<\/div>\n<\/div>\n<\/div>\n<\/div>\n<\/div>\n<\/div>\n<\/div>\n<\/div>\n<\/div>\n<\/div>\n<\/div>\n<\/div>\n<\/div>\n<\/div>\n<\/section>\n<\/div>\n<\/div>\n<\/div>\n<\/div>\n<\/div>\n<\/div><\/div>","protected":false},"excerpt":{"rendered":"<p>Hasta 12.000\u20ac para digitalizar tu empresa Programa\u00a0Kit Digital El\u00a0kit digital\u00a0es una iniciativa del\u00a0Gobierno de Espa\u00f1a\u00a0que tiene como objetivo subvencionar la implantaci\u00f3n de soluciones digitales disponibles en el mercado para conseguir&nbsp;[&hellip;]<\/p>\n","protected":false},"author":1,"featured_media":0,"parent":0,"menu_order":0,"comment_status":"closed","ping_status":"closed","template":"page-templates\/page_fullwidth.php","meta":{"footnotes":""},"class_list":["post-946","page","type-page","status-publish","hentry","clearfix"],"_links":{"self":[{"href":"https:\/\/sigo.es\/en\/wp-json\/wp\/v2\/pages\/946","targetHints":{"allow":["GET"]}}],"collection":[{"href":"https:\/\/sigo.es\/en\/wp-json\/wp\/v2\/pages"}],"about":[{"href":"https:\/\/sigo.es\/en\/wp-json\/wp\/v2\/types\/page"}],"author":[{"embeddable":true,"href":"https:\/\/sigo.es\/en\/wp-json\/wp\/v2\/users\/1"}],"replies":[{"embeddable":true,"href":"https:\/\/sigo.es\/en\/wp-json\/wp\/v2\/comments?post=946"}],"version-history":[{"count":4,"href":"https:\/\/sigo.es\/en\/wp-json\/wp\/v2\/pages\/946\/revisions"}],"predecessor-version":[{"id":969,"href":"https:\/\/sigo.es\/en\/wp-json\/wp\/v2\/pages\/946\/revisions\/969"}],"wp:attachment":[{"href":"https:\/\/sigo.es\/en\/wp-json\/wp\/v2\/media?parent=946"}],"curies":[{"name":"wp","href":"https:\/\/api.w.org\/{rel}","templated":true}]}}